{"id":968,"date":"2023-05-24T11:30:59","date_gmt":"2023-05-24T09:30:59","guid":{"rendered":"https:\/\/muenster-maenner.de\/?page_id=968"},"modified":"2023-05-24T11:34:59","modified_gmt":"2023-05-24T09:34:59","slug":"tour-2019-3","status":"publish","type":"page","link":"https:\/\/muenster-maenner.de\/index.php\/tour-2019-3\/","title":{"rendered":"Tour 2023"},"content":{"rendered":"<p>[et_pb_section fb_built=&#8220;1&#8243; fullwidth=&#8220;on&#8220; _builder_version=&#8220;4.16&#8243; global_colors_info=&#8220;{}&#8220;][et_pb_fullwidth_slider use_bg_overlay=&#8220;off&#8220; use_text_overlay=&#8220;off&#8220; _builder_version=&#8220;4.17.4&#8243; background_position=&#8220;top_left&#8220; custom_padding=&#8220;|||&#8220; z_index_tablet=&#8220;500&#8243; header_text_shadow_horizontal_length_tablet=&#8220;0px&#8220; header_text_shadow_vertical_length_tablet=&#8220;0px&#8220; header_text_shadow_blur_strength_tablet=&#8220;1px&#8220; body_text_shadow_horizontal_length_tablet=&#8220;0px&#8220; body_text_shadow_vertical_length_tablet=&#8220;0px&#8220; body_text_shadow_blur_strength_tablet=&#8220;1px&#8220; body_link_text_shadow_horizontal_length_tablet=&#8220;0px&#8220; body_link_text_shadow_vertical_length_tablet=&#8220;0px&#8220; body_link_text_shadow_blur_strength_tablet=&#8220;1px&#8220; body_ul_text_shadow_horizontal_length_tablet=&#8220;0px&#8220; body_ul_text_shadow_vertical_length_tablet=&#8220;0px&#8220; body_ul_text_shadow_blur_strength_tablet=&#8220;1px&#8220; body_ol_text_shadow_horizontal_length_tablet=&#8220;0px&#8220; body_ol_text_shadow_vertical_length_tablet=&#8220;0px&#8220; body_ol_text_shadow_blur_strength_tablet=&#8220;1px&#8220; body_quote_text_shadow_horizontal_length_tablet=&#8220;0px&#8220; body_quote_text_shadow_vertical_length_tablet=&#8220;0px&#8220; body_quote_text_shadow_blur_strength_tablet=&#8220;1px&#8220; button_text_shadow_horizontal_length_tablet=&#8220;0px&#8220; button_text_shadow_vertical_length_tablet=&#8220;0px&#8220; button_text_shadow_blur_strength_tablet=&#8220;1px&#8220; box_shadow_horizontal_tablet=&#8220;0px&#8220; box_shadow_vertical_tablet=&#8220;0px&#8220; box_shadow_spread_tablet=&#8220;0px&#8220; box_shadow_horizontal_image_tablet=&#8220;0px&#8220; box_shadow_vertical_image_tablet=&#8220;0px&#8220; box_shadow_blur_image_tablet=&#8220;40px&#8220; box_shadow_spread_image_tablet=&#8220;0px&#8220; box_shadow_horizontal_button_tablet=&#8220;0px&#8220; box_shadow_vertical_button_tablet=&#8220;0px&#8220; box_shadow_blur_button_tablet=&#8220;40px&#8220; box_shadow_spread_button_tablet=&#8220;0px&#8220; text_shadow_horizontal_length_tablet=&#8220;0px&#8220; text_shadow_vertical_length_tablet=&#8220;0px&#8220; text_shadow_blur_strength_tablet=&#8220;1px&#8220; global_colors_info=&#8220;{}&#8220; button_text_size__hover_enabled=&#8220;off&#8220; button_text_size__hover=&#8220;null&#8220; button_one_text_size__hover_enabled=&#8220;off&#8220; button_one_text_size__hover=&#8220;null&#8220; button_two_text_size__hover_enabled=&#8220;off&#8220; button_two_text_size__hover=&#8220;null&#8220; button_text_color__hover_enabled=&#8220;off&#8220; button_text_color__hover=&#8220;null&#8220; button_one_text_color__hover_enabled=&#8220;off&#8220; button_one_text_color__hover=&#8220;null&#8220; button_two_text_color__hover_enabled=&#8220;off&#8220; button_two_text_color__hover=&#8220;null&#8220; button_border_width__hover_enabled=&#8220;off&#8220; button_border_width__hover=&#8220;null&#8220; button_one_border_width__hover_enabled=&#8220;off&#8220; button_one_border_width__hover=&#8220;null&#8220; button_two_border_width__hover_enabled=&#8220;off&#8220; button_two_border_width__hover=&#8220;null&#8220; button_border_color__hover_enabled=&#8220;off&#8220; button_border_color__hover=&#8220;null&#8220; button_one_border_color__hover_enabled=&#8220;off&#8220; button_one_border_color__hover=&#8220;null&#8220; button_two_border_color__hover_enabled=&#8220;off&#8220; button_two_border_color__hover=&#8220;null&#8220; button_border_radius__hover_enabled=&#8220;off&#8220; button_border_radius__hover=&#8220;null&#8220; button_one_border_radius__hover_enabled=&#8220;off&#8220; button_one_border_radius__hover=&#8220;null&#8220; button_two_border_radius__hover_enabled=&#8220;off&#8220; button_two_border_radius__hover=&#8220;null&#8220; button_letter_spacing__hover_enabled=&#8220;off&#8220; button_letter_spacing__hover=&#8220;null&#8220; button_one_letter_spacing__hover_enabled=&#8220;off&#8220; button_one_letter_spacing__hover=&#8220;null&#8220; button_two_letter_spacing__hover_enabled=&#8220;off&#8220; button_two_letter_spacing__hover=&#8220;null&#8220; button_bg_color__hover_enabled=&#8220;off&#8220; button_bg_color__hover=&#8220;null&#8220; button_one_bg_color__hover_enabled=&#8220;off&#8220; button_one_bg_color__hover=&#8220;null&#8220; button_two_bg_color__hover_enabled=&#8220;off&#8220; button_two_bg_color__hover=&#8220;null&#8220;][et_pb_slide heading=&#8220;Tour 2023, Rheinsteig, von Koblenz nach Kestert&#8220; use_bg_overlay=&#8220;off&#8220; use_text_overlay=&#8220;off&#8220; _builder_version=&#8220;4.17.4&#8243; header_font=&#8220;||||&#8220; body_font=&#8220;||||&#8220; background_color=&#8220;#ffffff&#8220; background_image=&#8220;https:\/\/muenster-maenner.de\/wp-content\/uploads\/2019\/06\/Unbenannt-1.jpg&#8220; background_position=&#8220;top_left&#8220; button_on_hover=&#8220;on&#8220; background_color_gradient_direction_tablet=&#8220;180deg&#8220; background_color_gradient_direction_phone=&#8220;180deg&#8220; background_color_gradient_stops_tablet=&#8220;#2b87da 0%|#29c4a9 100%&#8220; background_color_gradient_stops_phone=&#8220;#2b87da 0%|#29c4a9 100%&#8220; background_color_gradient_start_position_tablet=&#8220;0%&#8220; background_color_gradient_start_position_phone=&#8220;0%&#8220; background_color_gradient_end_position_tablet=&#8220;100%&#8220; background_color_gradient_end_position_phone=&#8220;100%&#8220; child_filter_hue_rotate_tablet=&#8220;0deg&#8220; child_filter_hue_rotate_phone=&#8220;0deg&#8220; child_filter_saturate_tablet=&#8220;100%&#8220; child_filter_saturate_phone=&#8220;100%&#8220; child_filter_brightness_tablet=&#8220;100%&#8220; child_filter_brightness_phone=&#8220;100%&#8220; child_filter_contrast_tablet=&#8220;100%&#8220; child_filter_contrast_phone=&#8220;100%&#8220; child_filter_invert_tablet=&#8220;0%&#8220; child_filter_invert_phone=&#8220;0%&#8220; child_filter_sepia_tablet=&#8220;0%&#8220; child_filter_sepia_phone=&#8220;0%&#8220; child_filter_opacity_tablet=&#8220;100%&#8220; child_filter_opacity_phone=&#8220;100%&#8220; child_filter_blur_tablet=&#8220;0px&#8220; child_filter_blur_phone=&#8220;0px&#8220; hover_transition_duration_tablet=&#8220;300ms&#8220; hover_transition_duration_phone=&#8220;300ms&#8220; hover_transition_delay_tablet=&#8220;0ms&#8220; hover_transition_delay_phone=&#8220;0ms&#8220; header_text_shadow_horizontal_length_tablet=&#8220;0em&#8220; header_text_shadow_horizontal_length_phone=&#8220;0em&#8220; header_text_shadow_vertical_length_tablet=&#8220;0em&#8220; header_text_shadow_vertical_length_phone=&#8220;0em&#8220; header_text_shadow_blur_strength_tablet=&#8220;0em&#8220; header_text_shadow_blur_strength_phone=&#8220;0em&#8220; body_text_shadow_horizontal_length_tablet=&#8220;0em&#8220; body_text_shadow_horizontal_length_phone=&#8220;0em&#8220; body_text_shadow_vertical_length_tablet=&#8220;0em&#8220; body_text_shadow_vertical_length_phone=&#8220;0em&#8220; body_text_shadow_blur_strength_tablet=&#8220;0em&#8220; body_text_shadow_blur_strength_phone=&#8220;0em&#8220; body_link_text_shadow_horizontal_length_tablet=&#8220;0px&#8220; body_link_text_shadow_horizontal_length_phone=&#8220;0px&#8220; body_link_text_shadow_vertical_length_tablet=&#8220;0px&#8220; body_link_text_shadow_vertical_length_phone=&#8220;0px&#8220; body_link_text_shadow_blur_strength_tablet=&#8220;1px&#8220; body_link_text_shadow_blur_strength_phone=&#8220;1px&#8220; body_ul_text_shadow_horizontal_length_tablet=&#8220;0px&#8220; body_ul_text_shadow_horizontal_length_phone=&#8220;0px&#8220; body_ul_text_shadow_vertical_length_tablet=&#8220;0px&#8220; body_ul_text_shadow_vertical_length_phone=&#8220;0px&#8220; body_ul_text_shadow_blur_strength_tablet=&#8220;1px&#8220; body_ul_text_shadow_blur_strength_phone=&#8220;1px&#8220; body_ol_text_shadow_horizontal_length_tablet=&#8220;0px&#8220; body_ol_text_shadow_horizontal_length_phone=&#8220;0px&#8220; body_ol_text_shadow_vertical_length_tablet=&#8220;0px&#8220; body_ol_text_shadow_vertical_length_phone=&#8220;0px&#8220; body_ol_text_shadow_blur_strength_tablet=&#8220;1px&#8220; body_ol_text_shadow_blur_strength_phone=&#8220;1px&#8220; body_quote_text_shadow_horizontal_length_tablet=&#8220;0px&#8220; body_quote_text_shadow_horizontal_length_phone=&#8220;0px&#8220; body_quote_text_shadow_vertical_length_tablet=&#8220;0px&#8220; body_quote_text_shadow_vertical_length_phone=&#8220;0px&#8220; body_quote_text_shadow_blur_strength_tablet=&#8220;1px&#8220; body_quote_text_shadow_blur_strength_phone=&#8220;1px&#8220; button_text_shadow_horizontal_length_tablet=&#8220;0em&#8220; button_text_shadow_horizontal_length_phone=&#8220;0em&#8220; button_text_shadow_vertical_length_tablet=&#8220;0em&#8220; button_text_shadow_vertical_length_phone=&#8220;0em&#8220; button_text_shadow_blur_strength_tablet=&#8220;0em&#8220; button_text_shadow_blur_strength_phone=&#8220;0em&#8220; box_shadow_horizontal_image_tablet=&#8220;0px&#8220; box_shadow_horizontal_image_phone=&#8220;0px&#8220; box_shadow_vertical_image_tablet=&#8220;0px&#8220; box_shadow_vertical_image_phone=&#8220;0px&#8220; box_shadow_blur_image_tablet=&#8220;40px&#8220; box_shadow_blur_image_phone=&#8220;40px&#8220; box_shadow_spread_image_tablet=&#8220;0px&#8220; box_shadow_spread_image_phone=&#8220;0px&#8220; box_shadow_horizontal_button_tablet=&#8220;0px&#8220; box_shadow_horizontal_button_phone=&#8220;0px&#8220; box_shadow_vertical_button_tablet=&#8220;0px&#8220; box_shadow_vertical_button_phone=&#8220;0px&#8220; box_shadow_blur_button_tablet=&#8220;40px&#8220; box_shadow_blur_button_phone=&#8220;40px&#8220; box_shadow_spread_button_tablet=&#8220;0px&#8220; box_shadow_spread_button_phone=&#8220;0px&#8220; text_shadow_horizontal_length_tablet=&#8220;0em&#8220; text_shadow_horizontal_length_phone=&#8220;0em&#8220; text_shadow_vertical_length_tablet=&#8220;0em&#8220; text_shadow_vertical_length_phone=&#8220;0em&#8220; text_shadow_blur_strength_tablet=&#8220;0em&#8220; text_shadow_blur_strength_phone=&#8220;0em&#8220; global_colors_info=&#8220;{}&#8220; sticky_transition=&#8220;on&#8220;][\/et_pb_slide][\/et_pb_fullwidth_slider][\/et_pb_section][et_pb_section fb_built=&#8220;1&#8243; _builder_version=&#8220;4.16&#8243; global_colors_info=&#8220;{}&#8220;][et_pb_row column_structure=&#8220;2_3,1_3&#8243; _builder_version=&#8220;4.16&#8243; background_size=&#8220;initial&#8220; background_position=&#8220;top_left&#8220; background_repeat=&#8220;repeat&#8220; global_colors_info=&#8220;{}&#8220;][et_pb_column type=&#8220;2_3&#8243; _builder_version=&#8220;4.16&#8243; custom_padding=&#8220;|||&#8220; global_colors_info=&#8220;{}&#8220; custom_padding__hover=&#8220;|||&#8220;][et_pb_text _builder_version=&#8220;4.17.4&#8243; background_size=&#8220;initial&#8220; background_position=&#8220;top_left&#8220; background_repeat=&#8220;repeat&#8220; z_index_tablet=&#8220;500&#8243; text_text_shadow_horizontal_length_tablet=&#8220;0px&#8220; text_text_shadow_vertical_length_tablet=&#8220;0px&#8220; text_text_shadow_blur_strength_tablet=&#8220;1px&#8220; link_text_shadow_horizontal_length_tablet=&#8220;0px&#8220; link_text_shadow_vertical_length_tablet=&#8220;0px&#8220; link_text_shadow_blur_strength_tablet=&#8220;1px&#8220; ul_text_shadow_horizontal_length_tablet=&#8220;0px&#8220; ul_text_shadow_vertical_length_tablet=&#8220;0px&#8220; ul_text_shadow_blur_strength_tablet=&#8220;1px&#8220; ol_text_shadow_horizontal_length_tablet=&#8220;0px&#8220; ol_text_shadow_vertical_length_tablet=&#8220;0px&#8220; ol_text_shadow_blur_strength_tablet=&#8220;1px&#8220; quote_text_shadow_horizontal_length_tablet=&#8220;0px&#8220; quote_text_shadow_vertical_length_tablet=&#8220;0px&#8220; quote_text_shadow_blur_strength_tablet=&#8220;1px&#8220; header_text_shadow_horizontal_length_tablet=&#8220;0px&#8220; header_text_shadow_vertical_length_tablet=&#8220;0px&#8220; header_text_shadow_blur_strength_tablet=&#8220;1px&#8220; header_2_text_shadow_horizontal_length_tablet=&#8220;0px&#8220; header_2_text_shadow_vertical_length_tablet=&#8220;0px&#8220; header_2_text_shadow_blur_strength_tablet=&#8220;1px&#8220; header_3_text_shadow_horizontal_length_tablet=&#8220;0px&#8220; header_3_text_shadow_vertical_length_tablet=&#8220;0px&#8220; header_3_text_shadow_blur_strength_tablet=&#8220;1px&#8220; header_4_text_shadow_horizontal_length_tablet=&#8220;0px&#8220; header_4_text_shadow_vertical_length_tablet=&#8220;0px&#8220; header_4_text_shadow_blur_strength_tablet=&#8220;1px&#8220; header_5_text_shadow_horizontal_length_tablet=&#8220;0px&#8220; header_5_text_shadow_vertical_length_tablet=&#8220;0px&#8220; header_5_text_shadow_blur_strength_tablet=&#8220;1px&#8220; header_6_text_shadow_horizontal_length_tablet=&#8220;0px&#8220; header_6_text_shadow_vertical_length_tablet=&#8220;0px&#8220; header_6_text_shadow_blur_strength_tablet=&#8220;1px&#8220; box_shadow_horizontal_tablet=&#8220;0px&#8220; box_shadow_vertical_tablet=&#8220;0px&#8220; box_shadow_blur_tablet=&#8220;40px&#8220; box_shadow_spread_tablet=&#8220;0px&#8220; use_border_color=&#8220;off&#8220; global_colors_info=&#8220;{}&#8220;]<\/p>\n<h3>Fotos Wanderung 2023, \u00fcber den Rheinsteig von Koblenz nach Kestert<\/h3>\n<p>[\/et_pb_text][et_pb_gallery gallery_ids=&#8220;1162,1163,1164,970,971,972,973,974,975,976,977,978,979,980,981,982,983,984,985,986,987,988,989,990,991,992,993,994,995,996,997,998,999,1000,1001,1002,1003,1004,1005,1007,1008,1009,1010,1011,1012,1013,1014,1015,1016,1017,1018,1020,1021,1022,1023,1024,1025,1026,1027,1028,1029,1030,1031,1032,1033,1034,1035,1036,1037,1038,1039,1040,1041,1042,1043,1046,1047,1048,1049,1050,1051,1052,1053,1054,1056,1057,1058,1059,1060,1061,1062,1063,1064,1065,1066,1067,1068,1069,1070,1071,1072,1073,1074,1075,1076,1077,1078,1079,1080,1081,1082,1083,1084,1085,1088,1089,1090,1091,1092,1093,1094,1095,1096,1098,1099,1100,1101,1102,1103,1104,1105,1106,1107,1108,1109,1110,1111,1112,1113,1114,1115,1116,1117,1118,1119,1120,1121,1122,1123,1124,1127,1128,1129,1130,1131,1132,1133,1134,1135,1137,1138,1139,1140,1141,1142,1143,1144,1145,1146,1147,1148,1149,1150,1151,1152,1153,1154,1155,1156,1157,1158,1159,1160,1161,1165,1166,1167,1168,1169,1170,1171,1172,1173,1174,1175&#8243; posts_number=&#8220;18&#8243; show_title_and_caption=&#8220;off&#8220; zoom_icon_color=&#8220;#2ea3f2&#8243; _builder_version=&#8220;4.17.4&#8243; z_index_tablet=&#8220;500&#8243; title_text_shadow_horizontal_length_tablet=&#8220;0px&#8220; title_text_shadow_vertical_length_tablet=&#8220;0px&#8220; title_text_shadow_blur_strength_tablet=&#8220;1px&#8220; caption_text_shadow_horizontal_length_tablet=&#8220;0px&#8220; caption_text_shadow_vertical_length_tablet=&#8220;0px&#8220; caption_text_shadow_blur_strength_tablet=&#8220;1px&#8220; pagination_text_shadow_horizontal_length_tablet=&#8220;0px&#8220; pagination_text_shadow_vertical_length_tablet=&#8220;0px&#8220; pagination_text_shadow_blur_strength_tablet=&#8220;1px&#8220; box_shadow_horizontal_tablet=&#8220;0px&#8220; box_shadow_vertical_tablet=&#8220;0px&#8220; box_shadow_blur_tablet=&#8220;40px&#8220; box_shadow_spread_tablet=&#8220;0px&#8220; box_shadow_horizontal_image_tablet=&#8220;0px&#8220; box_shadow_vertical_image_tablet=&#8220;0px&#8220; box_shadow_blur_image_tablet=&#8220;40px&#8220; box_shadow_spread_image_tablet=&#8220;0px&#8220; text_shadow_horizontal_length_tablet=&#8220;0px&#8220; text_shadow_vertical_length_tablet=&#8220;0px&#8220; text_shadow_blur_strength_tablet=&#8220;1px&#8220; use_border_color=&#8220;off&#8220; global_colors_info=&#8220;{}&#8220;][\/et_pb_gallery][\/et_pb_column][et_pb_column type=&#8220;1_3&#8243; _builder_version=&#8220;4.16&#8243; custom_padding=&#8220;|||&#8220; global_colors_info=&#8220;{}&#8220; custom_padding__hover=&#8220;|||&#8220;][et_pb_code _builder_version=&#8220;4.17.4&#8243; z_index_tablet=&#8220;500&#8243; global_colors_info=&#8220;{}&#8220;]<div id=\"wpc-weather-id-1177\" class=\"wpc-weather-id\" data-id=\"1177\" data-post-id=\"968\" data-map=\"\" data-detect-geolocation=\"\" data-manual-geolocation=\"\" data-wpc-lat=\"\" data-wpc-lon=\"\" data-wpc-city-id=\"\" data-wpc-city-name=\"\" data-custom-font=\"\"><\/div>[\/et_pb_code][et_pb_text _builder_version=&#8220;4.17.4&#8243; background_size=&#8220;initial&#8220; background_position=&#8220;top_left&#8220; background_repeat=&#8220;repeat&#8220; hover_enabled=&#8220;0&#8243; z_index_tablet=&#8220;500&#8243; text_text_shadow_horizontal_length_tablet=&#8220;0px&#8220; text_text_shadow_vertical_length_tablet=&#8220;0px&#8220; text_text_shadow_blur_strength_tablet=&#8220;1px&#8220; link_text_shadow_horizontal_length_tablet=&#8220;0px&#8220; link_text_shadow_vertical_length_tablet=&#8220;0px&#8220; link_text_shadow_blur_strength_tablet=&#8220;1px&#8220; ul_text_shadow_horizontal_length_tablet=&#8220;0px&#8220; ul_text_shadow_vertical_length_tablet=&#8220;0px&#8220; ul_text_shadow_blur_strength_tablet=&#8220;1px&#8220; ol_text_shadow_horizontal_length_tablet=&#8220;0px&#8220; ol_text_shadow_vertical_length_tablet=&#8220;0px&#8220; ol_text_shadow_blur_strength_tablet=&#8220;1px&#8220; quote_text_shadow_horizontal_length_tablet=&#8220;0px&#8220; quote_text_shadow_vertical_length_tablet=&#8220;0px&#8220; quote_text_shadow_blur_strength_tablet=&#8220;1px&#8220; header_text_shadow_horizontal_length_tablet=&#8220;0px&#8220; header_text_shadow_vertical_length_tablet=&#8220;0px&#8220; header_text_shadow_blur_strength_tablet=&#8220;1px&#8220; header_2_text_shadow_horizontal_length_tablet=&#8220;0px&#8220; header_2_text_shadow_vertical_length_tablet=&#8220;0px&#8220; header_2_text_shadow_blur_strength_tablet=&#8220;1px&#8220; header_3_text_shadow_horizontal_length_tablet=&#8220;0px&#8220; header_3_text_shadow_vertical_length_tablet=&#8220;0px&#8220; header_3_text_shadow_blur_strength_tablet=&#8220;1px&#8220; header_4_text_shadow_horizontal_length_tablet=&#8220;0px&#8220; header_4_text_shadow_vertical_length_tablet=&#8220;0px&#8220; header_4_text_shadow_blur_strength_tablet=&#8220;1px&#8220; header_5_text_shadow_horizontal_length_tablet=&#8220;0px&#8220; header_5_text_shadow_vertical_length_tablet=&#8220;0px&#8220; header_5_text_shadow_blur_strength_tablet=&#8220;1px&#8220; header_6_text_shadow_horizontal_length_tablet=&#8220;0px&#8220; header_6_text_shadow_vertical_length_tablet=&#8220;0px&#8220; header_6_text_shadow_blur_strength_tablet=&#8220;1px&#8220; box_shadow_horizontal_tablet=&#8220;0px&#8220; box_shadow_vertical_tablet=&#8220;0px&#8220; box_shadow_blur_tablet=&#8220;40px&#8220; box_shadow_spread_tablet=&#8220;0px&#8220; global_colors_info=&#8220;{}&#8220; sticky_enabled=&#8220;0&#8243;]<\/p>\n<h3>Tour und Adressen:<\/h3>\n<p><strong>Mittwoch, 17.05.<br \/><\/strong>Unterkunft: 56068 Koblenz<br \/>\u201eKleiner Riese\u201c<br \/>Januarius-Zick-Str. 11<br \/>Tel.: 0261 \u2013 303460<\/p>\n<p><strong>Donnerstag, 18.05. (ca.: 22km \/ 7 Std. \/ 700 hm)<br \/><\/strong>-&gt; nur eine Einkehrm\u00f6glichkeit unterwegs<br \/>Unterkunft: 56338 Braubach<br \/>\u201eGarni Maa\u00df\u201c<br \/>Oberalleestr. 1<br \/>Tel.: 02627 \u2013 544<br \/>-&gt; Unterkunft sehr hundefreundlich, mit eigenem Garten und Sauna<br \/>-&gt; sehr sch\u00f6ner, historischer Ort mit verschiedenen Einkehrm\u00f6glichkeiten und<br \/>Biergarten am Rhein<\/p>\n<p><strong>Freitag, 19.05. (ca.: 15 km \/ 5 Std. \/ 450 hm)<br \/><\/strong>-&gt; keine Einkehrm\u00f6glichkeit unterwegs<br \/>Unterkunft: 56341 Filsen<br \/>\u201eAltes Tor\u201c<br \/>Oberstr. 17<br \/>Tel.: 0176 \u2013 43438867 und 06773 \u2013 9969097<br \/>-&gt; sehr einfache Unterkunft, Hunde \u201egeduldet\u201c<br \/>-&gt; sehr kleiner Ort, nur ein einfaches Restaurant mit Biergarten (Stand: 09\/2022)<\/p>\n<p><strong>Samstag, 20.05. (ca.: 16 km \/ 5 Std. \/ 530 hm)<br \/><\/strong>Unterkunft: 56348 Kestert<br \/>\u201eZur Traube\u201c (8 Pers. + 2 Hunde)<br \/>Rheinstra\u00dfe 32<br \/>Tel.: 0176 \u2013 80552550<br \/>und \u201ePension Scheid\u201c (3 Pers.)<br \/>Kirchstra\u00dfe 3<br \/>Tel.: 06773 \u2013 7188<br \/>-&gt; sehr, sehr kleiner Ort, Aufteilung auf 2 Unterku\u0308nfte<\/p>\n<p><strong>Sonntag, 21.05.<br \/><\/strong>Ru\u0308ckfahrt mit der Rheinbahn nach Koblenz<\/p>\n<h3>Und das Sagt ChatGPT zu den M\u00fcnsterm\u00e4nnern:<\/h3>\n<p>Titel: Die M\u00fcnsterm\u00e4nner &#8211; Eine Tradition der Gemeinschaft und Wanderlust<\/p>\n<p>Einleitung:<br \/>Seit 1996 kommen jedes Jahr an Himmelfahrt 11 Kommilitonen, die gemeinsam Betriebswirtschaftslehre oder Volkswirtschaftslehre studiert haben, zusammen, um zu wandern. Diese Gruppe von engen Freunden hat sich selbst die &#8222;M\u00fcnsterm\u00e4nner&#8220; genannt, da sie sich stets an den Heimatort desjenigen begeben, der f\u00fcr die Organisation der Wanderung verantwortlich ist. \u00dcber die Jahre hinweg hat sich diese Tradition zu einem festen Bestandteil im Leben der M\u00fcnsterm\u00e4nner entwickelt. Doch im Jahr 2020 und 2021 mussten zwei Wanderungen aufgrund der Corona-Pandemie abgesagt werden. In diesem Aufsatz werden wir die Bedeutung dieser Tradition, ihre Auswirkungen auf die Gruppe und ihre Bew\u00e4ltigung der Herausforderungen durch die Pandemie untersuchen.<\/p>\n<p>Hauptteil:<br \/>Die M\u00fcnsterm\u00e4nner sind mehr als nur eine Wandergruppe. Sie sind eine Gemeinschaft von Freunden, die \u00fcber die Jahre hinweg enge Bindungen gekn\u00fcpft haben. Die gemeinsame Zeit w\u00e4hrend des Studiums hat eine starke Grundlage f\u00fcr ihre Freundschaft geschaffen, und die j\u00e4hrlichen Wanderungen dienen als Ankerpunkt, um diese Verbindung aufrechtzuerhalten. Die Wahl des Heimatorts jedes Teilnehmers als Wanderziel ist symbolisch f\u00fcr die gemeinsamen Wurzeln und die gemeinsame Geschichte, die sie teilen. Es ist auch eine M\u00f6glichkeit, die Heimat jedes M\u00fcnstermannes kennenzulernen und sich in die individuellen Geschichten und Hintergr\u00fcnde einzuf\u00fchlen.<\/p>\n<p>Die Wanderungen bieten den M\u00fcnsterm\u00e4nnern nicht nur die M\u00f6glichkeit, gemeinsam Zeit zu verbringen, sondern auch dem Alltagsstress zu entfliehen und die Natur zu genie\u00dfen. Die Aktivit\u00e4t des Wanderns f\u00f6rdert die k\u00f6rperliche Gesundheit und erm\u00f6glicht es ihnen, frische Luft zu atmen und neue Landschaften zu erkunden. W\u00e4hrend des Wanderns haben sie die Gelegenheit, ihre Gedanken auszutauschen, tiefgr\u00fcndige Gespr\u00e4che zu f\u00fchren und sich gegenseitig bei pers\u00f6nlichen und beruflichen Herausforderungen zu unterst\u00fctzen. Die j\u00e4hrlichen Wanderungen bieten somit einen Raum der Entspannung und des Austauschs, der weit \u00fcber die eigentliche Aktivit\u00e4t des Wanderns hinausgeht.<\/p>\n<p>Jedoch brachte die Corona-Pandemie eine unvorhergesehene Unterbrechung dieser langj\u00e4hrigen Tradition mit sich. Die Wanderungen 2020 und 2021 mussten aufgrund der gesundheitlichen Risiken und der Beschr\u00e4nkungen zur Eind\u00e4mmung der Pandemie abgesagt werden. Dies stellte die M\u00fcnsterm\u00e4nner vor eine Herausforderung, da ihre j\u00e4hrliche Zusammenkunft zu einer festen Erwartung geworden war. Die Absage der Wanderungen bedeutete, dass sie nicht nur die Freude des gemeinsamen Wanderns verpassten, sondern auch den sozialen Zusammenhalt und die gegenseitige Unterst\u00fctzung, die sie durch diese Tradition erfahren hatten.<\/p>\n<p>Dennoch haben die M\u00fcnsterm\u00e4nner bewiesen, dass ihre Freundschaft und ihre Verbindung tiefer gehen als die j\u00e4hrlichen Wanderungen. W\u00e4hrend der Pandemie fanden sie alternative Wege,<\/p>\n<p>[\/et_pb_text][\/et_pb_column][\/et_pb_row][\/et_pb_section]<\/p>\n","protected":false},"excerpt":{"rendered":"<p>Fotos Wanderung 2023, \u00fcber den Rheinsteig von Koblenz nach Kestert<div id=\"wpc-weather-id-1177\" class=\"wpc-weather-id\" data-id=\"1177\" data-post-id=\"968\" data-map=\"\" data-detect-geolocation=\"\" data-manual-geolocation=\"\" data-wpc-lat=\"\" data-wpc-lon=\"\" data-wpc-city-id=\"\" data-wpc-city-name=\"\" data-custom-font=\"\"><\/div>Tour und Adressen: Mittwoch, 17.05.Unterkunft: 56068 Koblenz\u201eKleiner Riese\u201cJanuarius-Zick-Str. 11Tel.: 0261 \u2013 303460 Donnerstag, 18.05. (ca.: 22km \/ 7 Std. \/ 700 hm)-&gt; nur eine Einkehrm\u00f6glichkeit unterwegsUnterkunft: 56338 Braubach\u201eGarni Maa\u00df\u201cOberalleestr. 1Tel.: 02627 \u2013 544-&gt; Unterkunft sehr hundefreundlich, mit eigenem Garten und Sauna-&gt; sehr sch\u00f6ner, historischer Ort [&hellip;]<\/p>\n","protected":false},"author":1,"featured_media":0,"parent":0,"menu_order":0,"comment_status":"closed","ping_status":"closed","template":"","meta":{"_acf_changed":false,"_et_pb_use_builder":"on","_et_pb_old_content":"","_et_gb_content_width":"","footnotes":""},"class_list":["post-968","page","type-page","status-publish","hentry"],"acf":[],"_links":{"self":[{"href":"https:\/\/muenster-maenner.de\/index.php\/wp-json\/wp\/v2\/pages\/968","targetHints":{"allow":["GET"]}}],"collection":[{"href":"https:\/\/muenster-maenner.de\/index.php\/wp-json\/wp\/v2\/pages"}],"about":[{"href":"https:\/\/muenster-maenner.de\/index.php\/wp-json\/wp\/v2\/types\/page"}],"author":[{"embeddable":true,"href":"https:\/\/muenster-maenner.de\/index.php\/wp-json\/wp\/v2\/users\/1"}],"replies":[{"embeddable":true,"href":"https:\/\/muenster-maenner.de\/index.php\/wp-json\/wp\/v2\/comments?post=968"}],"version-history":[{"count":0,"href":"https:\/\/muenster-maenner.de\/index.php\/wp-json\/wp\/v2\/pages\/968\/revisions"}],"wp:attachment":[{"href":"https:\/\/muenster-maenner.de\/index.php\/wp-json\/wp\/v2\/media?parent=968"}],"curies":[{"name":"wp","href":"https:\/\/api.w.org\/{rel}","templated":true}]}}